{"id":11245,"date":"2022-09-06T07:45:54","date_gmt":"2022-09-06T07:45:54","guid":{"rendered":"https:\/\/www.edileuganea.it\/bagni-prefabbricati\/"},"modified":"2022-10-07T09:49:01","modified_gmt":"2022-10-07T09:49:01","slug":"bagni-prefabbricati","status":"publish","type":"page","link":"https:\/\/www.edileuganea.it\/es\/bagni-prefabbricati\/","title":{"rendered":"BAGNI PREFABBRICATI"},"content":{"rendered":"\t\t<div data-elementor-type=\"wp-post\" data-elementor-id=\"11245\" class=\"elementor elementor-11245 elementor-5239\">\n\t\t\t\t\t\t\t\t\t<section class=\"elementor-section elementor-top-section elementor-element elementor-element-2bc87b22 elementor-section-stretched elementor-section-boxed elementor-section-height-default elementor-section-height-default\" data-id=\"2bc87b22\" data-element_type=\"section\" data-settings=\"{&quot;stretch_section&quot;:&quot;section-stretched&quot;}\">\n\t\t\t\t\t\t<div class=\"elementor-container elementor-column-gap-no\">\n\t\t\t\t\t<div class=\"elementor-column elementor-col-100 elementor-top-column elementor-element elementor-element-767ea3a9\" data-id=\"767ea3a9\" data-element_type=\"column\">\n\t\t\t<div class=\"elementor-widget-wrap elementor-element-populated\">\n\t\t\t\t\t\t\t\t<div class=\"elementor-element elementor-element-5316a2d4 elementor-align-center elementor-mobile-align-left animated-fast elementor-invisible elementor-widget elementor-widget-heading\" data-id=\"5316a2d4\" data-element_type=\"widget\" data-settings=\"{&quot;_animation&quot;:&quot;opal-move-up&quot;}\" data-widget_type=\"heading.default\">\n\t\t\t\t<div class=\"elementor-widget-container\">\n\t\t\t<style>\/*! elementor - v3.6.6 - 08-06-2022 *\/\n.elementor-heading-title{padding:0;margin:0;line-height:1}.elementor-widget-heading .elementor-heading-title[class*=elementor-size-]>a{color:inherit;font-size:inherit;line-height:inherit}.elementor-widget-heading .elementor-heading-title.elementor-size-small{font-size:15px}.elementor-widget-heading .elementor-heading-title.elementor-size-medium{font-size:19px}.elementor-widget-heading .elementor-heading-title.elementor-size-large{font-size:29px}.elementor-widget-heading .elementor-heading-title.elementor-size-xl{font-size:39px}.elementor-widget-heading .elementor-heading-title.elementor-size-xxl{font-size:59px}<\/style><span class=\"sub-title\">MODULI PER OGNI UTILIZZO<\/span><h2 class=\"elementor-heading-title elementor-size-default\">BAGNI PREFABBRICATI<\/h2>\t\t<\/div>\n\t\t\t\t<\/div>\n\t\t\t\t<div class=\"elementor-element elementor-element-23ce10b2 animated-fast elementor-invisible elementor-widget elementor-widget-opal-featured-box\" data-id=\"23ce10b2\" data-element_type=\"widget\" data-settings=\"{&quot;_animation&quot;:&quot;opal-move-up&quot;,&quot;columns&quot;:&quot;3&quot;,&quot;columns_tablet&quot;:&quot;2&quot;,&quot;columns_mobile&quot;:&quot;1&quot;}\" data-widget_type=\"opal-featured-box.default\">\n\t\t\t\t<div class=\"elementor-widget-container\">\n\t\t\t        <div class=\"elementor-featured-box-wrapper layout_4\">\n            <div class=\"row\" data-elementor-columns=\"3\" data-elementor-columns-tablet=\"2\" data-elementor-columns-mobile=\"1\">\n                                    <div class=\"elementor-featured-box-item column-item\">\n                                \n        \n        \n                    <div class=\"elementor-featured-box-meta-inner\">\n                <div class=\"elementor-featured-box-image\">\n                    <img src=\"https:\/\/www.edileuganea.it\/wp-content\/uploads\/2022\/09\/3Bagni-Prefabbricati.jpg\" title=\"3Bagni-Prefabbricati\" alt=\"3Bagni-Prefabbricati\" \/>                <\/div>\n                <div class=\"item-box\">\n                    <div class=\"elementor-featured-box-content\">\n                                                <div class=\"elementor-featured-box-name\"><a href=\"https:\/\/www.edileuganea.it\/monoblocchi-prefabbricati-bagni\/\">MONOBLOCCHI PREFABBRICATI BAGNI<\/a><\/div>\n                        <div class=\"elementor-featured-box-button\"><a href=\"https:\/\/www.edileuganea.it\/monoblocchi-prefabbricati-bagni\/\">Scopri di pi\u00f9 <i class=\"opal-icon-long-arrow-right\" aria-hidden=\"true\"><\/i><\/a><\/div>\n\n                    <\/div>\n                <\/div>\n            <\/div>\n        \n        \n                            <\/div>\n                                    <div class=\"elementor-featured-box-item column-item\">\n                                \n        \n        \n                    <div class=\"elementor-featured-box-meta-inner\">\n                <div class=\"elementor-featured-box-image\">\n                    <img src=\"https:\/\/www.edileuganea.it\/wp-content\/uploads\/2022\/09\/Modulo-WC-Coibentato.jpg\" title=\"Modulo-WC-Coibentato\" alt=\"Modulo-WC-Coibentato\" \/>                <\/div>\n                <div class=\"item-box\">\n                    <div class=\"elementor-featured-box-content\">\n                                                <div class=\"elementor-featured-box-name\"><a href=\"https:\/\/www.edileuganea.it\/cabina-wc-economica-coibentata\/\">CABINA WC ECONOMICA COIBENTATA<\/a><\/div>\n                        <div class=\"elementor-featured-box-button\"><a href=\"https:\/\/www.edileuganea.it\/cabina-wc-economica-coibentata\/\">Scopri di pi\u00f9 <i class=\"opal-icon-long-arrow-right\" aria-hidden=\"true\"><\/i><\/a><\/div>\n\n                    <\/div>\n                <\/div>\n            <\/div>\n        \n        \n                            <\/div>\n                                    <div class=\"elementor-featured-box-item column-item\">\n                                \n        \n        \n                    <div class=\"elementor-featured-box-meta-inner\">\n                <div class=\"elementor-featured-box-image\">\n                    <img src=\"https:\/\/www.edileuganea.it\/wp-content\/uploads\/2022\/09\/wc-lamiera-zincata-1.jpg\" title=\"wc lamiera zincata 1\" alt=\"wc lamiera zincata 1\" \/>                <\/div>\n                <div class=\"item-box\">\n                    <div class=\"elementor-featured-box-content\">\n                                                <div class=\"elementor-featured-box-name\"><a href=\"https:\/\/www.edileuganea.it\/cabina-wc-in-lamiera-zincata\/\">CABINA WC IN LAMIERA ZINCATA<\/a><\/div>\n                        <div class=\"elementor-featured-box-button\"><a href=\"https:\/\/www.edileuganea.it\/cabina-wc-in-lamiera-zincata\/\">Scopri di pi\u00f9 <i class=\"opal-icon-long-arrow-right\" aria-hidden=\"true\"><\/i><\/a><\/div>\n\n                    <\/div>\n                <\/div>\n            <\/div>\n        \n        \n                            <\/div>\n                            <\/div>\n        <\/div>\n        \t\t<\/div>\n\t\t\t\t<\/div>\n\t\t\t\t\t<\/div>\n\t\t<\/div>\n\t\t\t\t\t\t\t<\/div>\n\t\t<\/section>\n\t\t\t\t\t\t\t<\/div>\n\t\t","protected":false},"excerpt":{"rendered":"<p>MODULI PER OGNI UTILIZZO BAGNI PREFABBRICATI MONOBLOCCHI PREFABBRICATI BAGNI Scopri di pi\u00f9 CABINA WC ECONOMICA COIBENTATA Scopri di pi\u00f9 CABINA WC IN LAMIERA ZINCATA Scopri di pi\u00f9<\/p>\n","protected":false},"author":1,"featured_media":0,"parent":0,"menu_order":0,"comment_status":"closed","ping_status":"closed","template":"","meta":{"inline_featured_image":false,"_mi_skip_tracking":false},"_links":{"self":[{"href":"https:\/\/www.edileuganea.it\/es\/wp-json\/wp\/v2\/pages\/11245"}],"collection":[{"href":"https:\/\/www.edileuganea.it\/es\/wp-json\/wp\/v2\/pages"}],"about":[{"href":"https:\/\/www.edileuganea.it\/es\/wp-json\/wp\/v2\/types\/page"}],"author":[{"embeddable":true,"href":"https:\/\/www.edileuganea.it\/es\/wp-json\/wp\/v2\/users\/1"}],"replies":[{"embeddable":true,"href":"https:\/\/www.edileuganea.it\/es\/wp-json\/wp\/v2\/comments?post=11245"}],"version-history":[{"count":1,"href":"https:\/\/www.edileuganea.it\/es\/wp-json\/wp\/v2\/pages\/11245\/revisions"}],"predecessor-version":[{"id":11247,"href":"https:\/\/www.edileuganea.it\/es\/wp-json\/wp\/v2\/pages\/11245\/revisions\/11247"}],"wp:attachment":[{"href":"https:\/\/www.edileuganea.it\/es\/wp-json\/wp\/v2\/media?parent=11245"}],"curies":[{"name":"wp","href":"https:\/\/api.w.org\/{rel}","templated":true}]}}