{"id":11235,"date":"2022-09-06T07:31:51","date_gmt":"2022-09-06T07:31:51","guid":{"rendered":"https:\/\/www.edileuganea.it\/containershelter\/"},"modified":"2022-10-14T13:52:24","modified_gmt":"2022-10-14T13:52:24","slug":"kontejner","status":"publish","type":"page","link":"https:\/\/www.edileuganea.it\/sl\/kontejner\/","title":{"rendered":"KONTEJNER"},"content":{"rendered":"\t\t<div data-elementor-type=\"wp-post\" data-elementor-id=\"11235\" class=\"elementor elementor-11235 elementor-5229\">\n\t\t\t\t\t\t\t\t\t<section class=\"elementor-section elementor-top-section elementor-element elementor-element-2bc87b22 elementor-section-stretched elementor-section-boxed elementor-section-height-default elementor-section-height-default\" data-id=\"2bc87b22\" data-element_type=\"section\" data-settings=\"{&quot;stretch_section&quot;:&quot;section-stretched&quot;}\">\n\t\t\t\t\t\t<div class=\"elementor-container elementor-column-gap-no\">\n\t\t\t\t\t<div class=\"elementor-column elementor-col-100 elementor-top-column elementor-element elementor-element-767ea3a9\" data-id=\"767ea3a9\" data-element_type=\"column\">\n\t\t\t<div class=\"elementor-widget-wrap elementor-element-populated\">\n\t\t\t\t\t\t\t\t<div class=\"elementor-element elementor-element-5316a2d4 elementor-align-center elementor-mobile-align-left animated-fast elementor-invisible elementor-widget elementor-widget-heading\" data-id=\"5316a2d4\" data-element_type=\"widget\" data-settings=\"{&quot;_animation&quot;:&quot;opal-move-up&quot;}\" data-widget_type=\"heading.default\">\n\t\t\t\t<div class=\"elementor-widget-container\">\n\t\t\t<style>\/*! elementor - v3.6.6 - 08-06-2022 *\/\n.elementor-heading-title{padding:0;margin:0;line-height:1}.elementor-widget-heading .elementor-heading-title[class*=elementor-size-]>a{color:inherit;font-size:inherit;line-height:inherit}.elementor-widget-heading .elementor-heading-title.elementor-size-small{font-size:15px}.elementor-widget-heading .elementor-heading-title.elementor-size-medium{font-size:19px}.elementor-widget-heading .elementor-heading-title.elementor-size-large{font-size:29px}.elementor-widget-heading .elementor-heading-title.elementor-size-xl{font-size:39px}.elementor-widget-heading .elementor-heading-title.elementor-size-xxl{font-size:59px}<\/style><span class=\"sub-title\"> ZA VSAKO UPORABO<\/span><h2 class=\"elementor-heading-title elementor-size-default\">KONTEJNER<\/h2>\t\t<\/div>\n\t\t\t\t<\/div>\n\t\t\t\t<div class=\"elementor-element elementor-element-23ce10b2 animated-fast elementor-invisible elementor-widget elementor-widget-opal-featured-box\" data-id=\"23ce10b2\" data-element_type=\"widget\" data-settings=\"{&quot;_animation&quot;:&quot;opal-move-up&quot;,&quot;columns&quot;:&quot;3&quot;,&quot;columns_tablet&quot;:&quot;2&quot;,&quot;columns_mobile&quot;:&quot;1&quot;}\" data-widget_type=\"opal-featured-box.default\">\n\t\t\t\t<div class=\"elementor-widget-container\">\n\t\t\t        <div class=\"elementor-featured-box-wrapper layout_4\">\n            <div class=\"row\" data-elementor-columns=\"3\" data-elementor-columns-tablet=\"2\" data-elementor-columns-mobile=\"1\">\n                                    <div class=\"elementor-featured-box-item column-item\">\n                                \n        \n        \n                    <div class=\"elementor-featured-box-meta-inner\">\n                <div class=\"elementor-featured-box-image\">\n                    <img src=\"https:\/\/www.edileuganea.it\/wp-content\/uploads\/2022\/09\/3Container-Trasformati.jpg\" title=\"3Container-Trasformati\" alt=\"3Container-Trasformati\" \/>                <\/div>\n                <div class=\"item-box\">\n                    <div class=\"elementor-featured-box-content\">\n                                                <div class=\"elementor-featured-box-name\"><a href=\"https:\/\/www.edileuganea.it\/sl\/kontejner-ki-se-lahko-predela\/\">KONTEJNER, KI SE LAHKO PREDELA <\/a><\/div>\n                        <div class=\"elementor-featured-box-button\"><a href=\"https:\/\/www.edileuganea.it\/sl\/kontejner-ki-se-lahko-predela\/\">Odkrij ve\u010d <i class=\"opal-icon-long-arrow-right\" aria-hidden=\"true\"><\/i><\/a><\/div>\n\n                    <\/div>\n                <\/div>\n            <\/div>\n        \n        \n                            <\/div>\n                                    <div class=\"elementor-featured-box-item column-item\">\n                                \n        \n        \n                    <div class=\"elementor-featured-box-meta-inner\">\n                <div class=\"elementor-featured-box-image\">\n                    <img src=\"https:\/\/www.edileuganea.it\/wp-content\/uploads\/2022\/09\/ContainerIso.jpg\" title=\"ContainerIso\" alt=\"ContainerIso\" \/>                <\/div>\n                <div class=\"item-box\">\n                    <div class=\"elementor-featured-box-content\">\n                                                <div class=\"elementor-featured-box-name\"><a href=\"https:\/\/www.edileuganea.it\/sl\/iso-kontejner\/\">ISO KONTEJNER <\/a><\/div>\n                        <div class=\"elementor-featured-box-button\"><a href=\"https:\/\/www.edileuganea.it\/sl\/iso-kontejner\/\">Odkrij ve\u010d <i class=\"opal-icon-long-arrow-right\" aria-hidden=\"true\"><\/i><\/a><\/div>\n\n                    <\/div>\n                <\/div>\n            <\/div>\n        \n        \n                            <\/div>\n                                    <div class=\"elementor-featured-box-item column-item\">\n                                \n        \n        \n                    <div class=\"elementor-featured-box-meta-inner\">\n                <div class=\"elementor-featured-box-image\">\n                    <img src=\"https:\/\/www.edileuganea.it\/wp-content\/uploads\/2022\/09\/Container-Speciale-Edil.jpg\" title=\"Container-Speciale-Edil\" alt=\"Container-Speciale-Edil\" \/>                <\/div>\n                <div class=\"item-box\">\n                    <div class=\"elementor-featured-box-content\">\n                                                <div class=\"elementor-featured-box-name\"><a href=\"https:\/\/www.edileuganea.it\/sl\/posebni-kontejnerji\/\">POSEBNI KONTEJNERJI <\/a><\/div>\n                        <div class=\"elementor-featured-box-button\"><a href=\"https:\/\/www.edileuganea.it\/sl\/posebni-kontejnerji\/\">Odkrij ve\u010d <i class=\"opal-icon-long-arrow-right\" aria-hidden=\"true\"><\/i><\/a><\/div>\n\n                    <\/div>\n                <\/div>\n            <\/div>\n        \n        \n                            <\/div>\n                                    <div class=\"elementor-featured-box-item column-item\">\n                                \n        \n        \n                    <div class=\"elementor-featured-box-meta-inner\">\n                <div class=\"elementor-featured-box-image\">\n                    <img src=\"https:\/\/www.edileuganea.it\/wp-content\/uploads\/2022\/09\/container-navali-40.jpg\" title=\"container-navali-40\" alt=\"container-navali-40\" \/>                <\/div>\n                <div class=\"item-box\">\n                    <div class=\"elementor-featured-box-content\">\n                                                <div class=\"elementor-featured-box-name\"><a href=\"https:\/\/www.edileuganea.it\/sl\/kontejner-za-prvo-uporabo-in-rabljeni\/\">KONTEJNER ZA PRVO UPORABO IN RABLJENI <\/a><\/div>\n                        <div class=\"elementor-featured-box-button\"><a href=\"https:\/\/www.edileuganea.it\/sl\/kontejner-za-prvo-uporabo-in-rabljeni\/\">Odkrij ve\u010d <i class=\"opal-icon-long-arrow-right\" aria-hidden=\"true\"><\/i><\/a><\/div>\n\n                    <\/div>\n                <\/div>\n            <\/div>\n        \n        \n                            <\/div>\n                                    <div class=\"elementor-featured-box-item column-item\">\n                                \n        \n        \n                    <div class=\"elementor-featured-box-meta-inner\">\n                <div class=\"elementor-featured-box-image\">\n                    <img src=\"https:\/\/www.edileuganea.it\/wp-content\/uploads\/2022\/09\/Container-Lamiera-Smontabili.jpg\" title=\"Container-Lamiera-Smontabili\" alt=\"Container-Lamiera-Smontabili\" \/>                <\/div>\n                <div class=\"item-box\">\n                    <div class=\"elementor-featured-box-content\">\n                                                <div class=\"elementor-featured-box-name\"><a href=\"https:\/\/www.edileuganea.it\/sl\/kontejner-z-odstranljivo-kovinsko-vsebino\/\">KONTEJNER Z ODSTRANLJIVO KOVINSKO VSEBINO <\/a><\/div>\n                        <div class=\"elementor-featured-box-button\"><a href=\"https:\/\/www.edileuganea.it\/sl\/kontejner-z-odstranljivo-kovinsko-vsebino\/\">Odkrij ve\u010d <i class=\"opal-icon-long-arrow-right\" aria-hidden=\"true\"><\/i><\/a><\/div>\n\n                    <\/div>\n                <\/div>\n            <\/div>\n        \n        \n                            <\/div>\n                            <\/div>\n        <\/div>\n        \t\t<\/div>\n\t\t\t\t<\/div>\n\t\t\t\t\t<\/div>\n\t\t<\/div>\n\t\t\t\t\t\t\t<\/div>\n\t\t<\/section>\n\t\t\t\t\t\t\t<\/div>\n\t\t","protected":false},"excerpt":{"rendered":"<p>ZA VSAKO UPORABO KONTEJNER KONTEJNER, KI SE LAHKO PREDELA Odkrij ve\u010d ISO KONTEJNER Odkrij ve\u010d POSEBNI KONTEJNERJI Odkrij ve\u010d KONTEJNER ZA PRVO UPORABO IN RABLJENI Odkrij ve\u010d KONTEJNER Z ODSTRANLJIVO KOVINSKO VSEBINO Odkrij ve\u010d<\/p>\n","protected":false},"author":1,"featured_media":0,"parent":0,"menu_order":0,"comment_status":"closed","ping_status":"closed","template":"","meta":{"inline_featured_image":false,"_mi_skip_tracking":false},"_links":{"self":[{"href":"https:\/\/www.edileuganea.it\/sl\/wp-json\/wp\/v2\/pages\/11235"}],"collection":[{"href":"https:\/\/www.edileuganea.it\/sl\/wp-json\/wp\/v2\/pages"}],"about":[{"href":"https:\/\/www.edileuganea.it\/sl\/wp-json\/wp\/v2\/types\/page"}],"author":[{"embeddable":true,"href":"https:\/\/www.edileuganea.it\/sl\/wp-json\/wp\/v2\/users\/1"}],"replies":[{"embeddable":true,"href":"https:\/\/www.edileuganea.it\/sl\/wp-json\/wp\/v2\/comments?post=11235"}],"version-history":[{"count":10,"href":"https:\/\/www.edileuganea.it\/sl\/wp-json\/wp\/v2\/pages\/11235\/revisions"}],"predecessor-version":[{"id":11468,"href":"https:\/\/www.edileuganea.it\/sl\/wp-json\/wp\/v2\/pages\/11235\/revisions\/11468"}],"wp:attachment":[{"href":"https:\/\/www.edileuganea.it\/sl\/wp-json\/wp\/v2\/media?parent=11235"}],"curies":[{"name":"wp","href":"https:\/\/api.w.org\/{rel}","templated":true}]}}